{"id":1403,"date":"2022-10-05T17:55:56","date_gmt":"2022-10-05T17:55:56","guid":{"rendered":"https:\/\/work.creativamotions.com\/maron\/?page_id=1403"},"modified":"2022-10-05T18:06:43","modified_gmt":"2022-10-05T18:06:43","slug":"logistica-y-embalaje","status":"publish","type":"page","link":"https:\/\/work.creativamotions.com\/maron\/es\/logistica-y-embalaje\/","title":{"rendered":"LOG\u00cdSTICA Y EMBALAJE"},"content":{"rendered":"\t\t<div data-elementor-type=\"wp-page\" data-elementor-id=\"1403\" class=\"elementor elementor-1403\">\n\t\t\t\t\t\t\t\t\t<section data-particle_enable=\"false\" data-particle-mobile-disabled=\"false\" class=\"elementor-section elementor-top-section elementor-element elementor-element-7a919bd6 elementor-section-full_width elementor-section-height-min-height elementor-section-height-default elementor-section-items-middle\" data-id=\"7a919bd6\" data-element_type=\"section\" data-settings=\"{&quot;background_background&quot;:&quot;classic&quot;}\">\n\t\t\t\t\t\t<div class=\"elementor-container elementor-column-gap-default\">\n\t\t\t\t\t<div class=\"elementor-column elementor-col-100 elementor-top-column elementor-element elementor-element-21441cb4\" data-id=\"21441cb4\" data-element_type=\"column\">\n\t\t\t<div class=\"elementor-widget-wrap elementor-element-populated\">\n\t\t\t\t\t\t\t\t<div class=\"elementor-element elementor-element-5b927f2d elementor-widget elementor-widget-heading\" data-id=\"5b927f2d\" data-element_type=\"widget\" data-widget_type=\"heading.default\">\n\t\t\t\t<div class=\"elementor-widget-container\">\n\t\t\t<style>\/*! elementor - v3.7.5 - 14-09-2022 *\/\n.elementor-heading-title{padding:0;margin:0;line-height:1}.elementor-widget-heading .elementor-heading-title[class*=elementor-size-]>a{color:inherit;font-size:inherit;line-height:inherit}.elementor-widget-heading .elementor-heading-title.elementor-size-small{font-size:15px}.elementor-widget-heading .elementor-heading-title.elementor-size-medium{font-size:19px}.elementor-widget-heading .elementor-heading-title.elementor-size-large{font-size:29px}.elementor-widget-heading .elementor-heading-title.elementor-size-xl{font-size:39px}.elementor-widget-heading .elementor-heading-title.elementor-size-xxl{font-size:59px}<\/style><h2 class=\"elementor-heading-title elementor-size-default\">LOG\u00cdSTICA Y EMBALAJE<\/h2>\t\t<\/div>\n\t\t\t\t<\/div>\n\t\t\t\t\t<\/div>\n\t\t<\/div>\n\t\t\t\t\t\t\t<\/div>\n\t\t<\/section>\n\t\t\t\t<section data-particle_enable=\"false\" data-particle-mobile-disabled=\"false\" class=\"elementor-section elementor-top-section elementor-element elementor-element-64f49ed elementor-section-full_width elementor-section-height-default elementor-section-height-default\" data-id=\"64f49ed\" data-element_type=\"section\">\n\t\t\t\t\t\t<div class=\"elementor-container elementor-column-gap-default\">\n\t\t\t\t\t<div class=\"elementor-column elementor-col-50 elementor-top-column elementor-element elementor-element-71be1a3\" data-id=\"71be1a3\" data-element_type=\"column\">\n\t\t\t<div class=\"elementor-widget-wrap elementor-element-populated\">\n\t\t\t\t\t\t\t\t<div class=\"elementor-element elementor-element-49a4c62 elementor-widget elementor-widget-image\" data-id=\"49a4c62\" data-element_type=\"widget\" data-widget_type=\"image.default\">\n\t\t\t\t<div class=\"elementor-widget-container\">\n\t\t\t<style>\/*! elementor - v3.7.5 - 14-09-2022 *\/\n.elementor-widget-image{text-align:center}.elementor-widget-image a{display:inline-block}.elementor-widget-image a img[src$=\".svg\"]{width:48px}.elementor-widget-image img{vertical-align:middle;display:inline-block}<\/style>\t\t\t\t\t\t\t\t\t\t\t\t<img loading=\"lazy\" decoding=\"async\" width=\"800\" height=\"533\" src=\"https:\/\/work.creativamotions.com\/maron\/wp-content\/uploads\/2022\/10\/Seafreight-Europe.jpg\" class=\"attachment-full size-full\" alt=\"\" srcset=\"https:\/\/work.creativamotions.com\/maron\/wp-content\/uploads\/2022\/10\/Seafreight-Europe.jpg 800w, https:\/\/work.creativamotions.com\/maron\/wp-content\/uploads\/2022\/10\/Seafreight-Europe-300x200.jpg 300w, https:\/\/work.creativamotions.com\/maron\/wp-content\/uploads\/2022\/10\/Seafreight-Europe-768x512.jpg 768w\" sizes=\"auto, (max-width: 800px) 100vw, 800px\" \/>\t\t\t\t\t\t\t\t\t\t\t\t\t\t\t<\/div>\n\t\t\t\t<\/div>\n\t\t\t\t\t<\/div>\n\t\t<\/div>\n\t\t\t\t<div class=\"elementor-column elementor-col-50 elementor-top-column elementor-element elementor-element-685912f\" data-id=\"685912f\" data-element_type=\"column\">\n\t\t\t<div class=\"elementor-widget-wrap elementor-element-populated\">\n\t\t\t\t\t\t\t\t<div class=\"elementor-element elementor-element-8abe613 elementor-widget elementor-widget-text-editor\" data-id=\"8abe613\" data-element_type=\"widget\" data-widget_type=\"text-editor.default\">\n\t\t\t\t<div class=\"elementor-widget-container\">\n\t\t\t<style>\/*! elementor - v3.7.5 - 14-09-2022 *\/\n.elementor-widget-text-editor.elementor-drop-cap-view-stacked .elementor-drop-cap{background-color:#818a91;color:#fff}.elementor-widget-text-editor.elementor-drop-cap-view-framed .elementor-drop-cap{color:#818a91;border:3px solid;background-color:transparent}.elementor-widget-text-editor:not(.elementor-drop-cap-view-default) .elementor-drop-cap{margin-top:8px}.elementor-widget-text-editor:not(.elementor-drop-cap-view-default) .elementor-drop-cap-letter{width:1em;height:1em}.elementor-widget-text-editor .elementor-drop-cap{float:left;text-align:center;line-height:1;font-size:50px}.elementor-widget-text-editor .elementor-drop-cap-letter{display:inline-block}<\/style>\t\t\t\t<p>Maron Steel Supplies est\u00e1 situada en Holanda, cerca de los puertos de Rotterdam y Amberes.<\/p><p>Se puede ofrecer sin falta coste y flete (CnF) o coste, seguro y flete (CIF).<\/p><p>Los env\u00edos convencionales o en contenedor (20 pies, 40 pies o 45 pies) son la rutina diaria de Maron.<br \/>Facilitamos todo tipo de env\u00edos de acuerdo con sus instrucciones.<\/p>\t\t\t\t\t\t<\/div>\n\t\t\t\t<\/div>\n\t\t\t\t\t<\/div>\n\t\t<\/div>\n\t\t\t\t\t\t\t<\/div>\n\t\t<\/section>\n\t\t\t\t<section data-particle_enable=\"false\" data-particle-mobile-disabled=\"false\" class=\"elementor-section elementor-top-section elementor-element elementor-element-20d3582 elementor-section-full_width elementor-reverse-mobile elementor-section-height-default elementor-section-height-default\" data-id=\"20d3582\" data-element_type=\"section\">\n\t\t\t\t\t\t<div class=\"elementor-container elementor-column-gap-default\">\n\t\t\t\t\t<div class=\"elementor-column elementor-col-50 elementor-top-column elementor-element elementor-element-bf68459\" data-id=\"bf68459\" data-element_type=\"column\">\n\t\t\t<div class=\"elementor-widget-wrap elementor-element-populated\">\n\t\t\t\t\t\t\t\t<div class=\"elementor-element elementor-element-510a685 elementor-widget elementor-widget-text-editor\" data-id=\"510a685\" data-element_type=\"widget\" data-widget_type=\"text-editor.default\">\n\t\t\t\t<div class=\"elementor-widget-container\">\n\t\t\t\t\t\t\t<p>Maron Steel Supplies est\u00e1 situada en Holanda, cerca de varios de los aeropuertos m\u00e1s grandes y mejor facilitados de Europa.<\/p><p>Transporte a\u00e9reo:<br \/>Rotterdam 40 Km.<br \/>\u00c1msterdam 80 Km.<br \/>Par\u00eds 550 Km Transportistas de Air France.<br \/>Aeropuerto de Eindhoven 80 Km Courier<br \/>Charleroi 120 Km Aeropuerto Courier<\/p><p>Adem\u00e1s de las ubicaciones mencionadas, Maron Steel Supplies tambi\u00e9n entrega material desde Estados Unidos, Corea del Sur, China y Jap\u00f3n por mar y aire.<\/p><p>Maron ofrece un servicio completo utilizando, ya sea su transitario designado o utilizando nuestro propio agente a\u00e9reo.<\/p>\t\t\t\t\t\t<\/div>\n\t\t\t\t<\/div>\n\t\t\t\t\t<\/div>\n\t\t<\/div>\n\t\t\t\t<div class=\"elementor-column elementor-col-50 elementor-top-column elementor-element elementor-element-b4badb8\" data-id=\"b4badb8\" data-element_type=\"column\">\n\t\t\t<div class=\"elementor-widget-wrap elementor-element-populated\">\n\t\t\t\t\t\t\t\t<div class=\"elementor-element elementor-element-c6a50aa elementor-widget elementor-widget-image\" data-id=\"c6a50aa\" data-element_type=\"widget\" data-widget_type=\"image.default\">\n\t\t\t\t<div class=\"elementor-widget-container\">\n\t\t\t\t\t\t\t\t\t\t\t\t\t\t\t<img loading=\"lazy\" decoding=\"async\" width=\"800\" height=\"486\" src=\"https:\/\/work.creativamotions.com\/maron\/wp-content\/uploads\/2022\/10\/Airfreight-Europe.jpg\" class=\"attachment-full size-full\" alt=\"\" srcset=\"https:\/\/work.creativamotions.com\/maron\/wp-content\/uploads\/2022\/10\/Airfreight-Europe.jpg 800w, https:\/\/work.creativamotions.com\/maron\/wp-content\/uploads\/2022\/10\/Airfreight-Europe-300x182.jpg 300w, https:\/\/work.creativamotions.com\/maron\/wp-content\/uploads\/2022\/10\/Airfreight-Europe-768x467.jpg 768w\" sizes=\"auto, (max-width: 800px) 100vw, 800px\" \/>\t\t\t\t\t\t\t\t\t\t\t\t\t\t\t<\/div>\n\t\t\t\t<\/div>\n\t\t\t\t\t<\/div>\n\t\t<\/div>\n\t\t\t\t\t\t\t<\/div>\n\t\t<\/section>\n\t\t\t\t<section data-particle_enable=\"false\" data-particle-mobile-disabled=\"false\" class=\"elementor-section elementor-top-section elementor-element elementor-element-f090e79 elementor-section-full_width elementor-section-height-min-height elementor-section-height-default elementor-section-items-middle\" data-id=\"f090e79\" data-element_type=\"section\" data-settings=\"{&quot;background_background&quot;:&quot;classic&quot;}\">\n\t\t\t\t\t\t<div class=\"elementor-container elementor-column-gap-no\">\n\t\t\t\t\t<div class=\"elementor-column elementor-col-100 elementor-top-column elementor-element elementor-element-4aa3fad\" data-id=\"4aa3fad\" data-element_type=\"column\">\n\t\t\t<div class=\"elementor-widget-wrap elementor-element-populated\">\n\t\t\t\t\t\t\t\t<div class=\"elementor-element elementor-element-d268c0d elementor-widget elementor-widget-heading\" data-id=\"d268c0d\" data-element_type=\"widget\" data-widget_type=\"heading.default\">\n\t\t\t\t<div class=\"elementor-widget-container\">\n\t\t\t<h2 class=\"elementor-heading-title elementor-size-default\">Embalaje:\nMaron Steel Supplies tambi\u00e9n puede encargarse del embalaje adecuado para el transporte mar\u00edtimo y a\u00e9reo.<\/h2>\t\t<\/div>\n\t\t\t\t<\/div>\n\t\t\t\t\t<\/div>\n\t\t<\/div>\n\t\t\t\t\t\t\t<\/div>\n\t\t<\/section>\n\t\t\t\t<section data-particle_enable=\"false\" data-particle-mobile-disabled=\"false\" class=\"elementor-section elementor-top-section elementor-element elementor-element-ce0eeb3 elementor-section-full_width elementor-section-height-default elementor-section-height-default\" data-id=\"ce0eeb3\" data-element_type=\"section\">\n\t\t\t\t\t\t<div class=\"elementor-container elementor-column-gap-default\">\n\t\t\t\t\t<div class=\"elementor-column elementor-col-100 elementor-top-column elementor-element elementor-element-ad9fc57\" data-id=\"ad9fc57\" data-element_type=\"column\">\n\t\t\t<div class=\"elementor-widget-wrap elementor-element-populated\">\n\t\t\t\t\t\t\t\t<section data-particle_enable=\"false\" data-particle-mobile-disabled=\"false\" class=\"elementor-section elementor-inner-section elementor-element elementor-element-2705508 elementor-section-boxed elementor-section-height-default elementor-section-height-default\" data-id=\"2705508\" data-element_type=\"section\">\n\t\t\t\t\t\t<div class=\"elementor-container elementor-column-gap-default\">\n\t\t\t\t\t<div class=\"elementor-column elementor-col-100 elementor-inner-column elementor-element elementor-element-3fe90d9\" data-id=\"3fe90d9\" data-element_type=\"column\">\n\t\t\t<div class=\"elementor-widget-wrap elementor-element-populated\">\n\t\t\t\t\t\t\t\t<div class=\"elementor-element elementor-element-93c1cd9 elementor-widget elementor-widget-text-editor\" data-id=\"93c1cd9\" data-element_type=\"widget\" data-widget_type=\"text-editor.default\">\n\t\t\t\t<div class=\"elementor-widget-container\">\n\t\t\t\t\t\t\tPara ofrecerle el mejor servicio, Maron Steel Supplies tambi\u00e9n puede organizar el embalaje adecuado para las distintas formas de env\u00edo de sus pedidos.\nPara el transporte por carretera o mar\u00edtimo, los env\u00edos se paletizan en pal\u00e9s ISPM y se envuelven en pl\u00e1stico retr\u00e1ctil para mayor protecci\u00f3n.\nSu carga est\u00e1 completamente amarrada y asegurada en los pal\u00e9s.\nTodos los pal\u00e9s se someten a un tratamiento t\u00e9rmico y el embalaje se realiza de acuerdo con la normativa m\u00e1s reciente.<br>\nTambi\u00e9n podemos ofrecerle un embalaje apto para el transporte a\u00e9reo en cajas de madera (de contrachapado).\nEsta forma de embalaje ofrece la m\u00e1xima protecci\u00f3n de su carga y cumple todas las estrictas normas de las compa\u00f1\u00edas a\u00e9reas.\nSu material ser\u00e1 embalado de forma segura y la caja de madera puede incluso ser marcada con sus propias marcas de env\u00edo.\n\t\t\t\t\t\t<\/div>\n\t\t\t\t<\/div>\n\t\t\t\t\t<\/div>\n\t\t<\/div>\n\t\t\t\t\t\t\t<\/div>\n\t\t<\/section>\n\t\t\t\t<div class=\"elementor-element elementor-element-12aadee elementor-widget elementor-widget-image\" data-id=\"12aadee\" data-element_type=\"widget\" data-widget_type=\"image.default\">\n\t\t\t\t<div class=\"elementor-widget-container\">\n\t\t\t\t\t\t\t\t\t\t\t\t\t\t\t<img loading=\"lazy\" decoding=\"async\" width=\"2000\" height=\"747\" src=\"https:\/\/work.creativamotions.com\/maron\/wp-content\/uploads\/2022\/10\/packing.jpg\" class=\"attachment-full size-full\" alt=\"\" srcset=\"https:\/\/work.creativamotions.com\/maron\/wp-content\/uploads\/2022\/10\/packing.jpg 2000w, https:\/\/work.creativamotions.com\/maron\/wp-content\/uploads\/2022\/10\/packing-300x112.jpg 300w, https:\/\/work.creativamotions.com\/maron\/wp-content\/uploads\/2022\/10\/packing-1024x382.jpg 1024w, https:\/\/work.creativamotions.com\/maron\/wp-content\/uploads\/2022\/10\/packing-768x287.jpg 768w, https:\/\/work.creativamotions.com\/maron\/wp-content\/uploads\/2022\/10\/packing-1536x574.jpg 1536w\" sizes=\"auto, (max-width: 2000px) 100vw, 2000px\" \/>\t\t\t\t\t\t\t\t\t\t\t\t\t\t\t<\/div>\n\t\t\t\t<\/div>\n\t\t\t\t\t<\/div>\n\t\t<\/div>\n\t\t\t\t\t\t\t<\/div>\n\t\t<\/section>\n\t\t\t\t\t\t\t<\/div>\n\t\t","protected":false},"excerpt":{"rendered":"<p>LOG\u00cdSTICA Y EMBALAJE Maron Steel Supplies est\u00e1 situada en Holanda, cerca de los puertos de Rotterdam y Amberes. Se puede ofrecer sin falta coste y flete (CnF) o coste, seguro y flete (CIF). Los env\u00edos convencionales o en contenedor (20 pies, 40 pies o 45 pies) son la rutina diaria de Maron.Facilitamos todo tipo de [&hellip;]<\/p>\n","protected":false},"author":1,"featured_media":0,"parent":0,"menu_order":0,"comment_status":"closed","ping_status":"closed","template":"","meta":{"footnotes":""},"class_list":["post-1403","page","type-page","status-publish","hentry"],"_links":{"self":[{"href":"https:\/\/work.creativamotions.com\/maron\/wp-json\/wp\/v2\/pages\/1403","targetHints":{"allow":["GET"]}}],"collection":[{"href":"https:\/\/work.creativamotions.com\/maron\/wp-json\/wp\/v2\/pages"}],"about":[{"href":"https:\/\/work.creativamotions.com\/maron\/wp-json\/wp\/v2\/types\/page"}],"author":[{"embeddable":true,"href":"https:\/\/work.creativamotions.com\/maron\/wp-json\/wp\/v2\/users\/1"}],"replies":[{"embeddable":true,"href":"https:\/\/work.creativamotions.com\/maron\/wp-json\/wp\/v2\/comments?post=1403"}],"version-history":[{"count":4,"href":"https:\/\/work.creativamotions.com\/maron\/wp-json\/wp\/v2\/pages\/1403\/revisions"}],"predecessor-version":[{"id":1408,"href":"https:\/\/work.creativamotions.com\/maron\/wp-json\/wp\/v2\/pages\/1403\/revisions\/1408"}],"wp:attachment":[{"href":"https:\/\/work.creativamotions.com\/maron\/wp-json\/wp\/v2\/media?parent=1403"}],"curies":[{"name":"wp","href":"https:\/\/api.w.org\/{rel}","templated":true}]}}