{"id":1409,"date":"2022-10-05T18:08:15","date_gmt":"2022-10-05T18:08:15","guid":{"rendered":"https:\/\/work.creativamotions.com\/maron\/?page_id=1409"},"modified":"2022-10-05T18:13:40","modified_gmt":"2022-10-05T18:13:40","slug":"logistica-e-embalagem","status":"publish","type":"page","link":"https:\/\/work.creativamotions.com\/maron\/pt\/logistica-e-embalagem\/","title":{"rendered":"LOG\u00cdSTICA E EMBALAGEM"},"content":{"rendered":"\t\t<div data-elementor-type=\"wp-page\" data-elementor-id=\"1409\" class=\"elementor elementor-1409\">\n\t\t\t\t\t\t\t\t\t<section data-particle_enable=\"false\" data-particle-mobile-disabled=\"false\" class=\"elementor-section elementor-top-section elementor-element elementor-element-7a919bd6 elementor-section-full_width elementor-section-height-min-height elementor-section-height-default elementor-section-items-middle\" data-id=\"7a919bd6\" data-element_type=\"section\" data-settings=\"{&quot;background_background&quot;:&quot;classic&quot;}\">\n\t\t\t\t\t\t<div class=\"elementor-container elementor-column-gap-default\">\n\t\t\t\t\t<div class=\"elementor-column elementor-col-100 elementor-top-column elementor-element elementor-element-21441cb4\" data-id=\"21441cb4\" data-element_type=\"column\">\n\t\t\t<div class=\"elementor-widget-wrap elementor-element-populated\">\n\t\t\t\t\t\t\t\t<div class=\"elementor-element elementor-element-5b927f2d elementor-widget elementor-widget-heading\" data-id=\"5b927f2d\" data-element_type=\"widget\" data-widget_type=\"heading.default\">\n\t\t\t\t<div class=\"elementor-widget-container\">\n\t\t\t<style>\/*! elementor - v3.7.5 - 14-09-2022 *\/\n.elementor-heading-title{padding:0;margin:0;line-height:1}.elementor-widget-heading .elementor-heading-title[class*=elementor-size-]>a{color:inherit;font-size:inherit;line-height:inherit}.elementor-widget-heading .elementor-heading-title.elementor-size-small{font-size:15px}.elementor-widget-heading .elementor-heading-title.elementor-size-medium{font-size:19px}.elementor-widget-heading .elementor-heading-title.elementor-size-large{font-size:29px}.elementor-widget-heading .elementor-heading-title.elementor-size-xl{font-size:39px}.elementor-widget-heading .elementor-heading-title.elementor-size-xxl{font-size:59px}<\/style><h2 class=\"elementor-heading-title elementor-size-default\">LOG\u00cdSTICA E EMBALAGEM<\/h2>\t\t<\/div>\n\t\t\t\t<\/div>\n\t\t\t\t\t<\/div>\n\t\t<\/div>\n\t\t\t\t\t\t\t<\/div>\n\t\t<\/section>\n\t\t\t\t<section data-particle_enable=\"false\" data-particle-mobile-disabled=\"false\" class=\"elementor-section elementor-top-section elementor-element elementor-element-64f49ed elementor-section-full_width elementor-section-height-default elementor-section-height-default\" data-id=\"64f49ed\" data-element_type=\"section\">\n\t\t\t\t\t\t<div class=\"elementor-container elementor-column-gap-default\">\n\t\t\t\t\t<div class=\"elementor-column elementor-col-50 elementor-top-column elementor-element elementor-element-71be1a3\" data-id=\"71be1a3\" data-element_type=\"column\">\n\t\t\t<div class=\"elementor-widget-wrap elementor-element-populated\">\n\t\t\t\t\t\t\t\t<div class=\"elementor-element elementor-element-49a4c62 elementor-widget elementor-widget-image\" data-id=\"49a4c62\" data-element_type=\"widget\" data-widget_type=\"image.default\">\n\t\t\t\t<div class=\"elementor-widget-container\">\n\t\t\t<style>\/*! elementor - v3.7.5 - 14-09-2022 *\/\n.elementor-widget-image{text-align:center}.elementor-widget-image a{display:inline-block}.elementor-widget-image a img[src$=\".svg\"]{width:48px}.elementor-widget-image img{vertical-align:middle;display:inline-block}<\/style>\t\t\t\t\t\t\t\t\t\t\t\t<img loading=\"lazy\" decoding=\"async\" width=\"800\" height=\"533\" src=\"https:\/\/work.creativamotions.com\/maron\/wp-content\/uploads\/2022\/10\/Seafreight-Europe.jpg\" class=\"attachment-full size-full\" alt=\"\" srcset=\"https:\/\/work.creativamotions.com\/maron\/wp-content\/uploads\/2022\/10\/Seafreight-Europe.jpg 800w, https:\/\/work.creativamotions.com\/maron\/wp-content\/uploads\/2022\/10\/Seafreight-Europe-300x200.jpg 300w, https:\/\/work.creativamotions.com\/maron\/wp-content\/uploads\/2022\/10\/Seafreight-Europe-768x512.jpg 768w\" sizes=\"auto, (max-width: 800px) 100vw, 800px\" \/>\t\t\t\t\t\t\t\t\t\t\t\t\t\t\t<\/div>\n\t\t\t\t<\/div>\n\t\t\t\t\t<\/div>\n\t\t<\/div>\n\t\t\t\t<div class=\"elementor-column elementor-col-50 elementor-top-column elementor-element elementor-element-685912f\" data-id=\"685912f\" data-element_type=\"column\">\n\t\t\t<div class=\"elementor-widget-wrap elementor-element-populated\">\n\t\t\t\t\t\t\t\t<div class=\"elementor-element elementor-element-8abe613 elementor-widget elementor-widget-text-editor\" data-id=\"8abe613\" data-element_type=\"widget\" data-widget_type=\"text-editor.default\">\n\t\t\t\t<div class=\"elementor-widget-container\">\n\t\t\t<style>\/*! elementor - v3.7.5 - 14-09-2022 *\/\n.elementor-widget-text-editor.elementor-drop-cap-view-stacked .elementor-drop-cap{background-color:#818a91;color:#fff}.elementor-widget-text-editor.elementor-drop-cap-view-framed .elementor-drop-cap{color:#818a91;border:3px solid;background-color:transparent}.elementor-widget-text-editor:not(.elementor-drop-cap-view-default) .elementor-drop-cap{margin-top:8px}.elementor-widget-text-editor:not(.elementor-drop-cap-view-default) .elementor-drop-cap-letter{width:1em;height:1em}.elementor-widget-text-editor .elementor-drop-cap{float:left;text-align:center;line-height:1;font-size:50px}.elementor-widget-text-editor .elementor-drop-cap-letter{display:inline-block}<\/style>\t\t\t\t<p>A Maron Steel Supplies est\u00e1 situada na Holanda, perto dos portos mar\u00edtimos de Roterd\u00e3 e Antu\u00e9rpia.<\/p><p>Cost and Freight (CnF) ou Cost, Insurance and Freight (CIF) podem ser oferecidos sem falhas.<\/p><p>Embarques convencionais ou de cont\u00eaineres (20 p\u00e9s, 40 p\u00e9s ou 45 p\u00e9s) s\u00e3o rotina di\u00e1ria da Maron.<br \/>Facilitamos todo o tipo de envios de acordo com as suas instru\u00e7\u00f5es.<\/p><p>\u00a0<\/p>\t\t\t\t\t\t<\/div>\n\t\t\t\t<\/div>\n\t\t\t\t\t<\/div>\n\t\t<\/div>\n\t\t\t\t\t\t\t<\/div>\n\t\t<\/section>\n\t\t\t\t<section data-particle_enable=\"false\" data-particle-mobile-disabled=\"false\" class=\"elementor-section elementor-top-section elementor-element elementor-element-20d3582 elementor-section-full_width elementor-reverse-mobile elementor-section-height-default elementor-section-height-default\" data-id=\"20d3582\" data-element_type=\"section\">\n\t\t\t\t\t\t<div class=\"elementor-container elementor-column-gap-default\">\n\t\t\t\t\t<div class=\"elementor-column elementor-col-50 elementor-top-column elementor-element elementor-element-bf68459\" data-id=\"bf68459\" data-element_type=\"column\">\n\t\t\t<div class=\"elementor-widget-wrap elementor-element-populated\">\n\t\t\t\t\t\t\t\t<div class=\"elementor-element elementor-element-510a685 elementor-widget elementor-widget-text-editor\" data-id=\"510a685\" data-element_type=\"widget\" data-widget_type=\"text-editor.default\">\n\t\t\t\t<div class=\"elementor-widget-container\">\n\t\t\t\t\t\t\t<p>A Maron Steel Supplies est\u00e1 situada na Holanda, perto de v\u00e1rios dos maiores e mais facilitados aeroportos da Europa.<\/p><p>Frete a\u00e9reo:<br \/>Roterd\u00e3o 40 Km.<br \/>Amesterd\u00e3o 80 Km.<br \/>Paris 550 Km Transportadoras Air France.<br \/>Aeroporto de correio de Eindhoven 80 km<br \/>Aeroporto Charleroi 120 Km Courier<\/p><p>Al\u00e9m dos locais acima, a Maron Steel Supplies tamb\u00e9m fornece material dos EUA, Coreia do Sul, China e Jap\u00e3o por mar e ar.<\/p><p>A Maron oferece servi\u00e7o completo ao usar o , seja o seu despachante designado ou usando nosso pr\u00f3prio agente da companhia a\u00e9rea.<\/p>\t\t\t\t\t\t<\/div>\n\t\t\t\t<\/div>\n\t\t\t\t\t<\/div>\n\t\t<\/div>\n\t\t\t\t<div class=\"elementor-column elementor-col-50 elementor-top-column elementor-element elementor-element-b4badb8\" data-id=\"b4badb8\" data-element_type=\"column\">\n\t\t\t<div class=\"elementor-widget-wrap elementor-element-populated\">\n\t\t\t\t\t\t\t\t<div class=\"elementor-element elementor-element-c6a50aa elementor-widget elementor-widget-image\" data-id=\"c6a50aa\" data-element_type=\"widget\" data-widget_type=\"image.default\">\n\t\t\t\t<div class=\"elementor-widget-container\">\n\t\t\t\t\t\t\t\t\t\t\t\t\t\t\t<img loading=\"lazy\" decoding=\"async\" width=\"800\" height=\"486\" src=\"https:\/\/work.creativamotions.com\/maron\/wp-content\/uploads\/2022\/10\/Airfreight-Europe.jpg\" class=\"attachment-full size-full\" alt=\"\" srcset=\"https:\/\/work.creativamotions.com\/maron\/wp-content\/uploads\/2022\/10\/Airfreight-Europe.jpg 800w, https:\/\/work.creativamotions.com\/maron\/wp-content\/uploads\/2022\/10\/Airfreight-Europe-300x182.jpg 300w, https:\/\/work.creativamotions.com\/maron\/wp-content\/uploads\/2022\/10\/Airfreight-Europe-768x467.jpg 768w\" sizes=\"auto, (max-width: 800px) 100vw, 800px\" \/>\t\t\t\t\t\t\t\t\t\t\t\t\t\t\t<\/div>\n\t\t\t\t<\/div>\n\t\t\t\t\t<\/div>\n\t\t<\/div>\n\t\t\t\t\t\t\t<\/div>\n\t\t<\/section>\n\t\t\t\t<section data-particle_enable=\"false\" data-particle-mobile-disabled=\"false\" class=\"elementor-section elementor-top-section elementor-element elementor-element-f090e79 elementor-section-full_width elementor-section-height-min-height elementor-section-height-default elementor-section-items-middle\" data-id=\"f090e79\" data-element_type=\"section\" data-settings=\"{&quot;background_background&quot;:&quot;classic&quot;}\">\n\t\t\t\t\t\t<div class=\"elementor-container elementor-column-gap-no\">\n\t\t\t\t\t<div class=\"elementor-column elementor-col-100 elementor-top-column elementor-element elementor-element-4aa3fad\" data-id=\"4aa3fad\" data-element_type=\"column\">\n\t\t\t<div class=\"elementor-widget-wrap elementor-element-populated\">\n\t\t\t\t\t\t\t\t<div class=\"elementor-element elementor-element-d268c0d elementor-widget elementor-widget-heading\" data-id=\"d268c0d\" data-element_type=\"widget\" data-widget_type=\"heading.default\">\n\t\t\t\t<div class=\"elementor-widget-container\">\n\t\t\t<h2 class=\"elementor-heading-title elementor-size-default\">Embalagem:\nA Maron Steel Supplies tamb\u00e9m pode cuidar da embalagem adequada para frete mar\u00edtimo e a\u00e9reo.<\/h2>\t\t<\/div>\n\t\t\t\t<\/div>\n\t\t\t\t\t<\/div>\n\t\t<\/div>\n\t\t\t\t\t\t\t<\/div>\n\t\t<\/section>\n\t\t\t\t<section data-particle_enable=\"false\" data-particle-mobile-disabled=\"false\" class=\"elementor-section elementor-top-section elementor-element elementor-element-ce0eeb3 elementor-section-full_width elementor-section-height-default elementor-section-height-default\" data-id=\"ce0eeb3\" data-element_type=\"section\">\n\t\t\t\t\t\t<div class=\"elementor-container elementor-column-gap-default\">\n\t\t\t\t\t<div class=\"elementor-column elementor-col-100 elementor-top-column elementor-element elementor-element-ad9fc57\" data-id=\"ad9fc57\" data-element_type=\"column\">\n\t\t\t<div class=\"elementor-widget-wrap elementor-element-populated\">\n\t\t\t\t\t\t\t\t<section data-particle_enable=\"false\" data-particle-mobile-disabled=\"false\" class=\"elementor-section elementor-inner-section elementor-element elementor-element-2705508 elementor-section-boxed elementor-section-height-default elementor-section-height-default\" data-id=\"2705508\" data-element_type=\"section\">\n\t\t\t\t\t\t<div class=\"elementor-container elementor-column-gap-default\">\n\t\t\t\t\t<div class=\"elementor-column elementor-col-100 elementor-inner-column elementor-element elementor-element-3fe90d9\" data-id=\"3fe90d9\" data-element_type=\"column\">\n\t\t\t<div class=\"elementor-widget-wrap elementor-element-populated\">\n\t\t\t\t\t\t\t\t<div class=\"elementor-element elementor-element-93c1cd9 elementor-widget elementor-widget-text-editor\" data-id=\"93c1cd9\" data-element_type=\"widget\" data-widget_type=\"text-editor.default\">\n\t\t\t\t<div class=\"elementor-widget-container\">\n\t\t\t\t\t\t\t<p>Para fornecer o melhor servi\u00e7o, a Maron Steel Supplies tamb\u00e9m pode providenciar embalagens adequadas para v\u00e1rias formas de envio de seus pedidos.<br \/>Para envios rodovi\u00e1rios ou mar\u00edtimos, s\u00e3o palatizados em paletes ISPM e embalados em pl\u00e1stico termoencolh\u00edvel para prote\u00e7\u00e3o extra.<br \/>Sua carga est\u00e1 completamente amarrada e presa aos paletes.<br \/>Todos os paletes s\u00e3o tratados termicamente e a embalagem ser\u00e1 feita de acordo com os regulamentos mais recentes.<br \/>Tamb\u00e9m podemos fornecer embalagem aeronaveg\u00e1vel em caixas de madeira (camadas) para transporte a\u00e9reo.<br \/>Esta forma de embalagem oferece a m\u00e1xima prote\u00e7\u00e3o de sua carga e atende a todas as normas r\u00edgidas das companhias a\u00e9reas.<br \/>Seu material ser\u00e1 embalado de maneira segura e a caixa de madeira pode at\u00e9 ser marcada com suas pr\u00f3prias marca\u00e7\u00f5es de envio.<\/p>\t\t\t\t\t\t<\/div>\n\t\t\t\t<\/div>\n\t\t\t\t\t<\/div>\n\t\t<\/div>\n\t\t\t\t\t\t\t<\/div>\n\t\t<\/section>\n\t\t\t\t<div class=\"elementor-element elementor-element-12aadee elementor-widget elementor-widget-image\" data-id=\"12aadee\" data-element_type=\"widget\" data-widget_type=\"image.default\">\n\t\t\t\t<div class=\"elementor-widget-container\">\n\t\t\t\t\t\t\t\t\t\t\t\t\t\t\t<img loading=\"lazy\" decoding=\"async\" width=\"2000\" height=\"747\" src=\"https:\/\/work.creativamotions.com\/maron\/wp-content\/uploads\/2022\/10\/packing.jpg\" class=\"attachment-full size-full\" alt=\"\" srcset=\"https:\/\/work.creativamotions.com\/maron\/wp-content\/uploads\/2022\/10\/packing.jpg 2000w, https:\/\/work.creativamotions.com\/maron\/wp-content\/uploads\/2022\/10\/packing-300x112.jpg 300w, https:\/\/work.creativamotions.com\/maron\/wp-content\/uploads\/2022\/10\/packing-1024x382.jpg 1024w, https:\/\/work.creativamotions.com\/maron\/wp-content\/uploads\/2022\/10\/packing-768x287.jpg 768w, https:\/\/work.creativamotions.com\/maron\/wp-content\/uploads\/2022\/10\/packing-1536x574.jpg 1536w\" sizes=\"auto, (max-width: 2000px) 100vw, 2000px\" \/>\t\t\t\t\t\t\t\t\t\t\t\t\t\t\t<\/div>\n\t\t\t\t<\/div>\n\t\t\t\t\t<\/div>\n\t\t<\/div>\n\t\t\t\t\t\t\t<\/div>\n\t\t<\/section>\n\t\t\t\t\t\t\t<\/div>\n\t\t","protected":false},"excerpt":{"rendered":"<p>LOG\u00cdSTICA E EMBALAGEM A Maron Steel Supplies est\u00e1 situada na Holanda, perto dos portos mar\u00edtimos de Roterd\u00e3 e Antu\u00e9rpia. Cost and Freight (CnF) ou Cost, Insurance and Freight (CIF) podem ser oferecidos sem falhas. Embarques convencionais ou de cont\u00eaineres (20 p\u00e9s, 40 p\u00e9s ou 45 p\u00e9s) s\u00e3o rotina di\u00e1ria da Maron.Facilitamos todo o tipo de [&hellip;]<\/p>\n","protected":false},"author":1,"featured_media":0,"parent":0,"menu_order":0,"comment_status":"closed","ping_status":"closed","template":"","meta":{"footnotes":""},"class_list":["post-1409","page","type-page","status-publish","hentry"],"_links":{"self":[{"href":"https:\/\/work.creativamotions.com\/maron\/wp-json\/wp\/v2\/pages\/1409","targetHints":{"allow":["GET"]}}],"collection":[{"href":"https:\/\/work.creativamotions.com\/maron\/wp-json\/wp\/v2\/pages"}],"about":[{"href":"https:\/\/work.creativamotions.com\/maron\/wp-json\/wp\/v2\/types\/page"}],"author":[{"embeddable":true,"href":"https:\/\/work.creativamotions.com\/maron\/wp-json\/wp\/v2\/users\/1"}],"replies":[{"embeddable":true,"href":"https:\/\/work.creativamotions.com\/maron\/wp-json\/wp\/v2\/comments?post=1409"}],"version-history":[{"count":4,"href":"https:\/\/work.creativamotions.com\/maron\/wp-json\/wp\/v2\/pages\/1409\/revisions"}],"predecessor-version":[{"id":1414,"href":"https:\/\/work.creativamotions.com\/maron\/wp-json\/wp\/v2\/pages\/1409\/revisions\/1414"}],"wp:attachment":[{"href":"https:\/\/work.creativamotions.com\/maron\/wp-json\/wp\/v2\/media?parent=1409"}],"curies":[{"name":"wp","href":"https:\/\/api.w.org\/{rel}","templated":true}]}}