{"id":1434,"date":"2022-10-05T18:59:23","date_gmt":"2022-10-05T18:59:23","guid":{"rendered":"https:\/\/work.creativamotions.com\/maron\/?page_id=1434"},"modified":"2022-10-05T19:09:19","modified_gmt":"2022-10-05T19:09:19","slug":"fabricacao-e-formacao","status":"publish","type":"page","link":"https:\/\/work.creativamotions.com\/maron\/pt\/fabricacao-e-formacao\/","title":{"rendered":"FABRICA\u00c7\u00c3O E FORMA\u00c7\u00c3O"},"content":{"rendered":"\t\t<div data-elementor-type=\"wp-page\" data-elementor-id=\"1434\" class=\"elementor elementor-1434\">\n\t\t\t\t\t\t\t\t\t<section data-particle_enable=\"false\" data-particle-mobile-disabled=\"false\" class=\"elementor-section elementor-top-section elementor-element elementor-element-304a79ea elementor-section-full_width elementor-section-height-min-height elementor-section-height-default elementor-section-items-middle\" data-id=\"304a79ea\" data-element_type=\"section\" data-settings=\"{&quot;background_background&quot;:&quot;classic&quot;}\">\n\t\t\t\t\t\t<div class=\"elementor-container elementor-column-gap-default\">\n\t\t\t\t\t<div class=\"elementor-column elementor-col-100 elementor-top-column elementor-element elementor-element-10f3be3f\" data-id=\"10f3be3f\" data-element_type=\"column\">\n\t\t\t<div class=\"elementor-widget-wrap elementor-element-populated\">\n\t\t\t\t\t\t\t\t\t<\/div>\n\t\t<\/div>\n\t\t\t\t\t\t\t<\/div>\n\t\t<\/section>\n\t\t\t\t<section data-particle_enable=\"false\" data-particle-mobile-disabled=\"false\" class=\"elementor-section elementor-top-section elementor-element elementor-element-45870063 elementor-section-boxed elementor-section-height-default elementor-section-height-default\" data-id=\"45870063\" data-element_type=\"section\">\n\t\t\t\t\t\t<div class=\"elementor-container elementor-column-gap-default\">\n\t\t\t\t\t<div class=\"elementor-column elementor-col-100 elementor-top-column elementor-element elementor-element-27c90c57\" data-id=\"27c90c57\" data-element_type=\"column\">\n\t\t\t<div class=\"elementor-widget-wrap elementor-element-populated\">\n\t\t\t\t\t\t\t\t<div class=\"elementor-element elementor-element-7a87db5e elementor-widget elementor-widget-text-editor\" data-id=\"7a87db5e\" data-element_type=\"widget\" data-widget_type=\"text-editor.default\">\n\t\t\t\t<div class=\"elementor-widget-container\">\n\t\t\t<style>\/*! elementor - v3.7.5 - 14-09-2022 *\/\n.elementor-widget-text-editor.elementor-drop-cap-view-stacked .elementor-drop-cap{background-color:#818a91;color:#fff}.elementor-widget-text-editor.elementor-drop-cap-view-framed .elementor-drop-cap{color:#818a91;border:3px solid;background-color:transparent}.elementor-widget-text-editor:not(.elementor-drop-cap-view-default) .elementor-drop-cap{margin-top:8px}.elementor-widget-text-editor:not(.elementor-drop-cap-view-default) .elementor-drop-cap-letter{width:1em;height:1em}.elementor-widget-text-editor .elementor-drop-cap{float:left;text-align:center;line-height:1;font-size:50px}.elementor-widget-text-editor .elementor-drop-cap-letter{display:inline-block}<\/style>\t\t\t\t<p>A Maron Steel Supplies tamb\u00e9m pode oferecer as facilidades de usinagem e conforma\u00e7\u00e3o abaixo para atender melhor \u00e0s suas necessidades.<\/p>\t\t\t\t\t\t<\/div>\n\t\t\t\t<\/div>\n\t\t\t\t\t<\/div>\n\t\t<\/div>\n\t\t\t\t\t\t\t<\/div>\n\t\t<\/section>\n\t\t\t\t<section data-particle_enable=\"false\" data-particle-mobile-disabled=\"false\" class=\"elementor-section elementor-top-section elementor-element elementor-element-554070d elementor-section-content-middle elementor-section-boxed elementor-section-height-default elementor-section-height-default\" data-id=\"554070d\" data-element_type=\"section\">\n\t\t\t\t\t\t<div class=\"elementor-container elementor-column-gap-default\">\n\t\t\t\t\t<div class=\"elementor-column elementor-col-100 elementor-top-column elementor-element elementor-element-585c081\" data-id=\"585c081\" data-element_type=\"column\">\n\t\t\t<div class=\"elementor-widget-wrap elementor-element-populated\">\n\t\t\t\t\t\t\t\t<div class=\"elementor-element elementor-element-59b24d0 elementor-widget elementor-widget-shortcode\" data-id=\"59b24d0\" data-element_type=\"widget\" data-widget_type=\"shortcode.default\">\n\t\t\t\t<div class=\"elementor-widget-container\">\n\t\t\t\t\t<div class=\"elementor-shortcode\">\n<table id=\"tablepress-4\" class=\"tablepress tablepress-id-4\">\n<tbody class=\"row-hover\">\n<tr class=\"row-1 odd\">\n\t<td class=\"column-1\"><img loading=\"lazy\" decoding=\"async\" src=\"https:\/\/work.creativamotions.com\/maron\/wp-content\/uploads\/2022\/03\/point.png\" alt=\"\" width=\"16\" height=\"16\" class=\"alignnone size-full wp-image-267\" \/> Break benching<\/td><td class=\"column-2\">Placas<\/td>\n<\/tr>\n<tr class=\"row-2 even\">\n\t<td class=\"column-1\"><img loading=\"lazy\" decoding=\"async\" src=\"https:\/\/work.creativamotions.com\/maron\/wp-content\/uploads\/2022\/03\/point.png\" alt=\"\" width=\"16\" height=\"16\" class=\"alignnone size-full wp-image-267\" \/> Perfura\u00e7\u00e3o profunda<\/td><td class=\"column-2\">Barras Forjadas e Fundidas<\/td>\n<\/tr>\n<tr class=\"row-3 odd\">\n\t<td class=\"column-1\"><img loading=\"lazy\" decoding=\"async\" src=\"https:\/\/work.creativamotions.com\/maron\/wp-content\/uploads\/2022\/03\/point.png\" alt=\"\" width=\"16\" height=\"16\" class=\"alignnone size-full wp-image-267\" \/> Usinagem CNC<\/td><td class=\"column-2\">Barras Forjadas e Fundidas<\/td>\n<\/tr>\n<tr class=\"row-4 even\">\n\t<td class=\"column-1\"><img loading=\"lazy\" decoding=\"async\" src=\"https:\/\/work.creativamotions.com\/maron\/wp-content\/uploads\/2022\/03\/point.png\" alt=\"\" width=\"16\" height=\"16\" class=\"alignnone size-full wp-image-267\" \/> Corte a plasma e chama<\/td><td class=\"column-2\">Placas<\/td>\n<\/tr>\n<tr class=\"row-5 odd\">\n\t<td class=\"column-1\"><img loading=\"lazy\" decoding=\"async\" src=\"https:\/\/work.creativamotions.com\/maron\/wp-content\/uploads\/2022\/03\/point.png\" alt=\"\" width=\"16\" height=\"16\" class=\"alignnone size-full wp-image-267\" \/> Cone<\/td><td class=\"column-2\">Extremidades do tubo resp. Acess\u00f3rios<\/td>\n<\/tr>\n<tr class=\"row-6 even\">\n\t<td class=\"column-1\"><img loading=\"lazy\" decoding=\"async\" src=\"https:\/\/work.creativamotions.com\/maron\/wp-content\/uploads\/2022\/03\/point.png\" alt=\"\" width=\"16\" height=\"16\" class=\"alignnone size-full wp-image-267\" \/> Jato de areia e revestimento<\/td><td class=\"column-2\">Todos os produtos<\/td>\n<\/tr>\n<tr class=\"row-7 odd\">\n\t<td class=\"column-1\"><img loading=\"lazy\" decoding=\"async\" src=\"https:\/\/work.creativamotions.com\/maron\/wp-content\/uploads\/2022\/03\/point.png\" alt=\"\" width=\"16\" height=\"16\" class=\"alignnone size-full wp-image-267\" \/> Polimento eletro ou mec\u00e2nico<\/td><td class=\"column-2\">Todos os produtos<\/td>\n<\/tr>\n<tr class=\"row-8 even\">\n\t<td class=\"column-1\"><img loading=\"lazy\" decoding=\"async\" src=\"https:\/\/work.creativamotions.com\/maron\/wp-content\/uploads\/2022\/03\/point.png\" alt=\"\" width=\"16\" height=\"16\" class=\"alignnone size-full wp-image-267\" \/> Prote\u00e7\u00e3o contra corros\u00e3o<\/td><td class=\"column-2\">Todos os produtos<\/td>\n<\/tr>\n<tr class=\"row-9 odd\">\n\t<td class=\"column-1\"><img loading=\"lazy\" decoding=\"async\" src=\"https:\/\/work.creativamotions.com\/maron\/wp-content\/uploads\/2022\/03\/point.png\" alt=\"\" width=\"16\" height=\"16\" class=\"alignnone size-full wp-image-267\" \/> Soldagem Qualificada<\/td><td class=\"column-2\">Todos os produtos<\/td>\n<\/tr>\n<tr class=\"row-10 even\">\n\t<td class=\"column-1\"><img loading=\"lazy\" decoding=\"async\" src=\"https:\/\/work.creativamotions.com\/maron\/wp-content\/uploads\/2022\/03\/point.png\" alt=\"\" width=\"16\" height=\"16\" class=\"alignnone size-full wp-image-267\" \/> Revestimento Explosivo e Soldado<\/td><td class=\"column-2\">Todos os produtos<\/td>\n<\/tr>\n<tr class=\"row-11 odd\">\n\t<td class=\"column-1\"><img loading=\"lazy\" decoding=\"async\" src=\"https:\/\/work.creativamotions.com\/maron\/wp-content\/uploads\/2022\/03\/point.png\" alt=\"\" width=\"16\" height=\"16\" class=\"alignnone size-full wp-image-267\" \/> Studing e Finning<\/td><td class=\"column-2\">Placas<\/td>\n<\/tr>\n<tr class=\"row-12 even\">\n\t<td class=\"column-1\"><img loading=\"lazy\" decoding=\"async\" src=\"https:\/\/work.creativamotions.com\/maron\/wp-content\/uploads\/2022\/03\/point.png\" alt=\"\" width=\"16\" height=\"16\" class=\"alignnone size-full wp-image-267\" \/> Dobrar tubos em U e tran\u00e7as<\/td><td class=\"column-2\">Placas<\/td>\n<\/tr>\n<\/tbody>\n<\/table>\n<\/div>\n\t\t\t\t<\/div>\n\t\t\t\t<\/div>\n\t\t\t\t\t<\/div>\n\t\t<\/div>\n\t\t\t\t\t\t\t<\/div>\n\t\t<\/section>\n\t\t\t\t<section data-particle_enable=\"false\" data-particle-mobile-disabled=\"false\" class=\"elementor-section elementor-top-section elementor-element elementor-element-359eedc elementor-section-full_width elementor-section-height-min-height elementor-section-height-default elementor-section-items-middle\" data-id=\"359eedc\" data-element_type=\"section\" data-settings=\"{&quot;background_background&quot;:&quot;classic&quot;}\">\n\t\t\t\t\t\t<div class=\"elementor-container elementor-column-gap-no\">\n\t\t\t\t\t<div class=\"elementor-column elementor-col-66 elementor-top-column elementor-element elementor-element-49065e5\" data-id=\"49065e5\" data-element_type=\"column\">\n\t\t\t<div class=\"elementor-widget-wrap elementor-element-populated\">\n\t\t\t\t\t\t\t\t<div class=\"elementor-element elementor-element-12c3aba1 elementor-widget elementor-widget-heading\" data-id=\"12c3aba1\" data-element_type=\"widget\" data-widget_type=\"heading.default\">\n\t\t\t\t<div class=\"elementor-widget-container\">\n\t\t\t<style>\/*! elementor - v3.7.5 - 14-09-2022 *\/\n.elementor-heading-title{padding:0;margin:0;line-height:1}.elementor-widget-heading .elementor-heading-title[class*=elementor-size-]>a{color:inherit;font-size:inherit;line-height:inherit}.elementor-widget-heading .elementor-heading-title.elementor-size-small{font-size:15px}.elementor-widget-heading .elementor-heading-title.elementor-size-medium{font-size:19px}.elementor-widget-heading .elementor-heading-title.elementor-size-large{font-size:29px}.elementor-widget-heading .elementor-heading-title.elementor-size-xl{font-size:39px}.elementor-widget-heading .elementor-heading-title.elementor-size-xxl{font-size:59px}<\/style><h2 class=\"elementor-heading-title elementor-size-default\">CONTROLE DE QUALIDADE,\nINSPE\u00c7\u00c3O E MARCA\u00c7\u00c3O<\/h2>\t\t<\/div>\n\t\t\t\t<\/div>\n\t\t\t\t<div class=\"elementor-element elementor-element-75349359 elementor-align-left elementor-mobile-align-center elementor-widget elementor-widget-button\" data-id=\"75349359\" data-element_type=\"widget\" data-widget_type=\"button.default\">\n\t\t\t\t<div class=\"elementor-widget-container\">\n\t\t\t\t\t<div class=\"elementor-button-wrapper\">\n\t\t\t<a href=\"https:\/\/work.creativamotions.com\/maron\/contact-us\/\" class=\"elementor-button-link elementor-button elementor-size-md\" role=\"button\">\n\t\t\t\t\t\t<span class=\"elementor-button-content-wrapper\">\n\t\t\t\t\t\t\t<span class=\"elementor-button-icon elementor-align-icon-right\">\n\t\t\t\t<i aria-hidden=\"true\" class=\"fas fa-long-arrow-alt-right\"><\/i>\t\t\t<\/span>\n\t\t\t\t\t\t<span class=\"elementor-button-text\">Contate-Nos<\/span>\n\t\t<\/span>\n\t\t\t\t\t<\/a>\n\t\t<\/div>\n\t\t\t\t<\/div>\n\t\t\t\t<\/div>\n\t\t\t\t\t<\/div>\n\t\t<\/div>\n\t\t\t\t<div class=\"elementor-column elementor-col-33 elementor-top-column elementor-element elementor-element-705cfed6\" data-id=\"705cfed6\" data-element_type=\"column\">\n\t\t\t<div class=\"elementor-widget-wrap\">\n\t\t\t\t\t\t\t\t\t<\/div>\n\t\t<\/div>\n\t\t\t\t\t\t\t<\/div>\n\t\t<\/section>\n\t\t\t\t<section data-particle_enable=\"false\" data-particle-mobile-disabled=\"false\" class=\"elementor-section elementor-top-section elementor-element elementor-element-29f6e647 elementor-section-height-min-height elementor-hidden-desktop elementor-hidden-tablet elementor-hidden-mobile elementor-section-boxed elementor-section-height-default elementor-section-items-middle\" data-id=\"29f6e647\" data-element_type=\"section\">\n\t\t\t\t\t\t<div class=\"elementor-container elementor-column-gap-custom\">\n\t\t\t\t\t<div class=\"elementor-column elementor-col-25 elementor-top-column elementor-element elementor-element-4a75a27f\" data-id=\"4a75a27f\" data-element_type=\"column\">\n\t\t\t<div class=\"elementor-widget-wrap elementor-element-populated\">\n\t\t\t\t\t\t\t\t<div class=\"elementor-element elementor-element-5f2cc511 elementor-widget elementor-widget-image\" data-id=\"5f2cc511\" data-element_type=\"widget\" data-widget_type=\"image.default\">\n\t\t\t\t<div class=\"elementor-widget-container\">\n\t\t\t<style>\/*! elementor - v3.7.5 - 14-09-2022 *\/\n.elementor-widget-image{text-align:center}.elementor-widget-image a{display:inline-block}.elementor-widget-image a img[src$=\".svg\"]{width:48px}.elementor-widget-image img{vertical-align:middle;display:inline-block}<\/style>\t\t\t\t\t\t\t\t\t\t\t\t<img loading=\"lazy\" decoding=\"async\" width=\"283\" height=\"65\" src=\"https:\/\/work.creativamotions.com\/maron\/wp-content\/uploads\/2022\/03\/LOGO2.png\" class=\"attachment-full size-full\" alt=\"\" \/>\t\t\t\t\t\t\t\t\t\t\t\t\t\t\t<\/div>\n\t\t\t\t<\/div>\n\t\t\t\t\t<\/div>\n\t\t<\/div>\n\t\t\t\t<div class=\"elementor-column elementor-col-25 elementor-top-column elementor-element elementor-element-26234419\" data-id=\"26234419\" data-element_type=\"column\">\n\t\t\t<div class=\"elementor-widget-wrap elementor-element-populated\">\n\t\t\t\t\t\t\t\t<div class=\"elementor-element elementor-element-5c972c1 elementor-widget elementor-widget-image\" data-id=\"5c972c1\" data-element_type=\"widget\" data-widget_type=\"image.default\">\n\t\t\t\t<div class=\"elementor-widget-container\">\n\t\t\t\t\t\t\t\t\t\t\t\t\t\t\t<img loading=\"lazy\" decoding=\"async\" width=\"283\" height=\"65\" src=\"https:\/\/work.creativamotions.com\/maron\/wp-content\/uploads\/2022\/03\/LOGO1.png\" class=\"attachment-full size-full\" alt=\"\" \/>\t\t\t\t\t\t\t\t\t\t\t\t\t\t\t<\/div>\n\t\t\t\t<\/div>\n\t\t\t\t\t<\/div>\n\t\t<\/div>\n\t\t\t\t<div class=\"elementor-column elementor-col-25 elementor-top-column elementor-element elementor-element-aa7fb25\" data-id=\"aa7fb25\" data-element_type=\"column\">\n\t\t\t<div class=\"elementor-widget-wrap elementor-element-populated\">\n\t\t\t\t\t\t\t\t<div class=\"elementor-element elementor-element-23c3a37a elementor-widget elementor-widget-image\" data-id=\"23c3a37a\" data-element_type=\"widget\" data-widget_type=\"image.default\">\n\t\t\t\t<div class=\"elementor-widget-container\">\n\t\t\t\t\t\t\t\t\t\t\t\t\t\t\t<img loading=\"lazy\" decoding=\"async\" width=\"283\" height=\"65\" src=\"https:\/\/work.creativamotions.com\/maron\/wp-content\/uploads\/2022\/03\/LOGO3.png\" class=\"attachment-full size-full\" alt=\"\" \/>\t\t\t\t\t\t\t\t\t\t\t\t\t\t\t<\/div>\n\t\t\t\t<\/div>\n\t\t\t\t\t<\/div>\n\t\t<\/div>\n\t\t\t\t<div class=\"elementor-column elementor-col-25 elementor-top-column elementor-element elementor-element-3cf2037c\" data-id=\"3cf2037c\" data-element_type=\"column\">\n\t\t\t<div class=\"elementor-widget-wrap elementor-element-populated\">\n\t\t\t\t\t\t\t\t<div class=\"elementor-element elementor-element-27ccb2e7 elementor-widget elementor-widget-image\" data-id=\"27ccb2e7\" data-element_type=\"widget\" data-widget_type=\"image.default\">\n\t\t\t\t<div class=\"elementor-widget-container\">\n\t\t\t\t\t\t\t\t\t\t\t\t\t\t\t<img loading=\"lazy\" decoding=\"async\" width=\"283\" height=\"65\" src=\"https:\/\/work.creativamotions.com\/maron\/wp-content\/uploads\/2022\/03\/LOGO4.png\" class=\"attachment-full size-full\" alt=\"\" \/>\t\t\t\t\t\t\t\t\t\t\t\t\t\t\t<\/div>\n\t\t\t\t<\/div>\n\t\t\t\t\t<\/div>\n\t\t<\/div>\n\t\t\t\t\t\t\t<\/div>\n\t\t<\/section>\n\t\t\t\t\t\t\t<\/div>\n\t\t","protected":false},"excerpt":{"rendered":"<p>A Maron Steel Supplies tamb\u00e9m pode oferecer as facilidades de usinagem e conforma\u00e7\u00e3o abaixo para atender melhor \u00e0s suas necessidades. CONTROLE DE QUALIDADE, INSPE\u00c7\u00c3O E MARCA\u00c7\u00c3O Contate-Nos<\/p>\n","protected":false},"author":1,"featured_media":0,"parent":0,"menu_order":0,"comment_status":"closed","ping_status":"closed","template":"","meta":{"footnotes":""},"class_list":["post-1434","page","type-page","status-publish","hentry"],"_links":{"self":[{"href":"https:\/\/work.creativamotions.com\/maron\/wp-json\/wp\/v2\/pages\/1434","targetHints":{"allow":["GET"]}}],"collection":[{"href":"https:\/\/work.creativamotions.com\/maron\/wp-json\/wp\/v2\/pages"}],"about":[{"href":"https:\/\/work.creativamotions.com\/maron\/wp-json\/wp\/v2\/types\/page"}],"author":[{"embeddable":true,"href":"https:\/\/work.creativamotions.com\/maron\/wp-json\/wp\/v2\/users\/1"}],"replies":[{"embeddable":true,"href":"https:\/\/work.creativamotions.com\/maron\/wp-json\/wp\/v2\/comments?post=1434"}],"version-history":[{"count":7,"href":"https:\/\/work.creativamotions.com\/maron\/wp-json\/wp\/v2\/pages\/1434\/revisions"}],"predecessor-version":[{"id":1442,"href":"https:\/\/work.creativamotions.com\/maron\/wp-json\/wp\/v2\/pages\/1434\/revisions\/1442"}],"wp:attachment":[{"href":"https:\/\/work.creativamotions.com\/maron\/wp-json\/wp\/v2\/media?parent=1434"}],"curies":[{"name":"wp","href":"https:\/\/api.w.org\/{rel}","templated":true}]}}